{"id":40,"date":"2026-03-09T19:05:46","date_gmt":"2026-03-09T18:05:46","guid":{"rendered":"https:\/\/www.chambresdhotes-larrayade.com\/?page_id=40"},"modified":"2026-03-09T20:15:51","modified_gmt":"2026-03-09T19:15:51","slug":"la-vallee","status":"publish","type":"page","link":"https:\/\/www.chambresdhotes-larrayade.com\/index.php\/la-vallee\/","title":{"rendered":"La Vall\u00e9e"},"content":{"rendered":"\n<div class=\"wp-block-group has-accent-5-background-color has-background is-vertical is-content-justification-center is-layout-flex wp-container-core-group-is-layout-3972cb76 wp-block-group-is-layout-flex\" style=\"margin-top:var(--wp--preset--spacing--50);margin-bottom:var(--wp--preset--spacing--50);padding-top:var(--wp--preset--spacing--20);padding-right:var(--wp--preset--spacing--20);padding-bottom:var(--wp--preset--spacing--20);padding-left:var(--wp--preset--spacing--20)\">\n<h2 class=\"wp-block-heading\">Paysages<\/h2>\n\n\n\n\n\n\n<p><a href=\"https:\/\/www.pyrenees-bearnaises.com\/explorer\/nature\/\" data-type=\"link\" data-id=\"https:\/\/www.pyrenees-bearnaises.com\/explorer\/nature\/\">Office du tourisme<\/a><\/p>\n<\/div>\n\n\n\n<div class=\"wp-block-group has-accent-5-background-color has-background is-vertical is-content-justification-center is-layout-flex wp-container-core-group-is-layout-3972cb76 wp-block-group-is-layout-flex\" style=\"margin-top:var(--wp--preset--spacing--50);margin-bottom:var(--wp--preset--spacing--50);padding-top:var(--wp--preset--spacing--20);padding-right:var(--wp--preset--spacing--20);padding-bottom:var(--wp--preset--spacing--20);padding-left:var(--wp--preset--spacing--20)\">\n<h2 class=\"wp-block-heading\">Loisirs<\/h2>\n\n\n\n\n\n\n<p><a href=\"https:\/\/www.espritparcnational.com\/\" data-type=\"link\" data-id=\"https:\/\/www.espritparcnational.com\/\">Esprit Parc National<\/a><\/p>\n<\/div>\n\n\n\n<div class=\"wp-block-group has-accent-5-background-color has-background is-vertical is-content-justification-center is-layout-flex wp-container-core-group-is-layout-3972cb76 wp-block-group-is-layout-flex\" style=\"margin-top:var(--wp--preset--spacing--50);margin-bottom:var(--wp--preset--spacing--50);padding-top:var(--wp--preset--spacing--20);padding-right:var(--wp--preset--spacing--20);padding-bottom:var(--wp--preset--spacing--20);padding-left:var(--wp--preset--spacing--20)\">\n<h2 class=\"wp-block-heading\">Flore<\/h2>\n\n\n\n\n\n\n<p><a href=\"https:\/\/www.pyrenees-parcnational.fr\/\" data-type=\"link\" data-id=\"https:\/\/www.pyrenees-parcnational.fr\/\">Parc National des pyr\u00e9n\u00e9es<\/a><\/p>\n<\/div>\n\n\n\n<div class=\"wp-block-group has-accent-5-background-color has-background is-vertical is-content-justification-center is-layout-flex wp-container-core-group-is-layout-3972cb76 wp-block-group-is-layout-flex\" style=\"margin-top:var(--wp--preset--spacing--50);margin-bottom:var(--wp--preset--spacing--50);padding-top:var(--wp--preset--spacing--20);padding-right:var(--wp--preset--spacing--20);padding-bottom:var(--wp--preset--spacing--20);padding-left:var(--wp--preset--spacing--20)\">\n<h2 class=\"wp-block-heading\">Faune<\/h2>\n\n\n\n\n\n\n<p>Vari\u00e9e.<\/p>\n<\/div>\n\n\n\n<div class=\"wp-block-group has-accent-5-background-color has-background is-vertical is-content-justification-center is-layout-flex wp-container-core-group-is-layout-3972cb76 wp-block-group-is-layout-flex\" style=\"margin-top:var(--wp--preset--spacing--50);margin-bottom:var(--wp--preset--spacing--50);padding-top:var(--wp--preset--spacing--20);padding-right:var(--wp--preset--spacing--20);padding-bottom:var(--wp--preset--spacing--20);padding-left:var(--wp--preset--spacing--20)\">\n<h2 class=\"wp-block-heading\">Espagne<\/h2>\n\n\n\n\n\n\n<p><a href=\"https:\/\/www.jaca.com\" data-type=\"link\" data-id=\"https:\/\/www.jaca.com\">Officio de turismo<\/a>.<\/p>\n<\/div>\n","protected":false},"excerpt":{"rendered":"<p>Paysages Office du tourisme Loisirs Esprit Parc National Flore Parc National des pyr\u00e9n\u00e9es Faune Vari\u00e9e. Espagne Officio de turismo.<\/p>\n","protected":false},"author":1,"featured_media":0,"parent":0,"menu_order":0,"comment_status":"closed","ping_status":"closed","template":"","meta":{"footnotes":""},"class_list":["post-40","page","type-page","status-publish","hentry"],"_links":{"self":[{"href":"https:\/\/www.chambresdhotes-larrayade.com\/index.php\/wp-json\/wp\/v2\/pages\/40","targetHints":{"allow":["GET"]}}],"collection":[{"href":"https:\/\/www.chambresdhotes-larrayade.com\/index.php\/wp-json\/wp\/v2\/pages"}],"about":[{"href":"https:\/\/www.chambresdhotes-larrayade.com\/index.php\/wp-json\/wp\/v2\/types\/page"}],"author":[{"embeddable":true,"href":"https:\/\/www.chambresdhotes-larrayade.com\/index.php\/wp-json\/wp\/v2\/users\/1"}],"replies":[{"embeddable":true,"href":"https:\/\/www.chambresdhotes-larrayade.com\/index.php\/wp-json\/wp\/v2\/comments?post=40"}],"version-history":[{"count":4,"href":"https:\/\/www.chambresdhotes-larrayade.com\/index.php\/wp-json\/wp\/v2\/pages\/40\/revisions"}],"predecessor-version":[{"id":73,"href":"https:\/\/www.chambresdhotes-larrayade.com\/index.php\/wp-json\/wp\/v2\/pages\/40\/revisions\/73"}],"wp:attachment":[{"href":"https:\/\/www.chambresdhotes-larrayade.com\/index.php\/wp-json\/wp\/v2\/media?parent=40"}],"curies":[{"name":"wp","href":"https:\/\/api.w.org\/{rel}","templated":true}]}}