{"id":38,"date":"2026-03-09T19:04:12","date_gmt":"2026-03-09T18:04:12","guid":{"rendered":"https:\/\/www.chambresdhotes-larrayade.com\/?page_id=38"},"modified":"2026-03-09T20:19:47","modified_gmt":"2026-03-09T19:19:47","slug":"la-maison","status":"publish","type":"page","link":"https:\/\/www.chambresdhotes-larrayade.com\/index.php\/la-maison\/","title":{"rendered":"La Maison"},"content":{"rendered":"\n<div class=\"wp-block-group has-base-background-color has-background has-x-large-font-size is-vertical is-layout-flex wp-container-core-group-is-layout-02fc1c42 wp-block-group-is-layout-flex\" style=\"padding-top:var(--wp--preset--spacing--60);padding-right:var(--wp--preset--spacing--30);padding-bottom:var(--wp--preset--spacing--60);padding-left:var(--wp--preset--spacing--30)\">\n<p class=\"has-x-large-font-size\">\u00ab\u00a0Une connexion internet est disponible dans la salle commune.\u00a0\u00bb<\/p>\n<\/div>\n\n\n\n<div class=\"wp-block-group has-accent-5-background-color has-background is-vertical is-content-justification-center is-layout-flex wp-container-core-group-is-layout-7873d401 wp-block-group-is-layout-flex\" style=\"margin-top:0;margin-bottom:0;padding-top:var(--wp--preset--spacing--40);padding-right:var(--wp--preset--spacing--20);padding-bottom:var(--wp--preset--spacing--40);padding-left:var(--wp--preset--spacing--20)\">\n<h2 class=\"wp-block-heading\">La salle commune<\/h2>\n\n\n\n<\/div>\n\n\n\n<div class=\"wp-block-group has-base-background-color has-background has-x-large-font-size is-vertical is-layout-flex wp-container-core-group-is-layout-e9860326 wp-block-group-is-layout-flex\" style=\"margin-top:0;margin-bottom:0;padding-top:var(--wp--preset--spacing--60);padding-right:var(--wp--preset--spacing--30);padding-bottom:var(--wp--preset--spacing--60);padding-left:var(--wp--preset--spacing--30)\">\n<p class=\"has-x-large-font-size\">\u00ab\u00a0Le petit d\u00e9jeuner offre des produits locaux et bio de pr\u00e9f\u00e9rence.<br>Pain tradition ou graines, confitures, yaourts, miel, jus de fruits, caf\u00e9, th\u00e9, chocolat chaud ou tisanes selon la saison\u2026\u00a0\u00bb<\/p>\n<\/div>\n\n\n\n<div class=\"wp-block-group has-accent-5-background-color has-background is-vertical is-content-justification-center is-layout-flex wp-container-core-group-is-layout-7873d401 wp-block-group-is-layout-flex\" style=\"margin-top:0;margin-bottom:0;padding-top:var(--wp--preset--spacing--40);padding-right:var(--wp--preset--spacing--20);padding-bottom:var(--wp--preset--spacing--40);padding-left:var(--wp--preset--spacing--20)\">\n<h2 class=\"wp-block-heading\">Le jardin<\/h2>\n\n\n\n<\/div>\n\n\n\n<div class=\"wp-block-group has-base-background-color has-background has-x-large-font-size is-vertical is-layout-flex wp-container-core-group-is-layout-e9860326 wp-block-group-is-layout-flex\" style=\"margin-top:0;margin-bottom:0;padding-top:var(--wp--preset--spacing--60);padding-right:var(--wp--preset--spacing--30);padding-bottom:var(--wp--preset--spacing--60);padding-left:var(--wp--preset--spacing--30)\">\n<p class=\"has-x-large-font-size\">\u00ab\u00a0Un jardin calme avec soleil et ombre, visit\u00e9 par les oiseaux, pour se reposer ou faire un repas \u00e0 l&rsquo;ext\u00e9rieur, barbecue et plancha sont fournis.\u00a0\u00bb<\/p>\n<\/div>\n\n\n\n<div class=\"wp-block-group has-base-background-color has-background has-x-large-font-size is-vertical is-layout-flex wp-container-core-group-is-layout-e9860326 wp-block-group-is-layout-flex\" style=\"margin-top:0;margin-bottom:0;padding-top:var(--wp--preset--spacing--60);padding-right:var(--wp--preset--spacing--30);padding-bottom:var(--wp--preset--spacing--60);padding-left:var(--wp--preset--spacing--30)\">\n<p class=\"has-large-font-size\">\u00ab\u00a0une machine \u00e0 laver le linge peut \u00eatre utilis\u00e9 selon la disponibilit\u00e9, une laverie est disponible \u00e0 l&rsquo;Intermarch\u00e9 d&rsquo;Accous.\u00a0\u00bb<\/p>\n<\/div>\n","protected":false},"excerpt":{"rendered":"<p>\u00ab\u00a0Une connexion internet est disponible dans la salle commune.\u00a0\u00bb La salle commune \u00ab\u00a0Le petit d\u00e9jeuner offre des produits locaux et bio de pr\u00e9f\u00e9rence.Pain tradition ou graines, confitures, yaourts, miel, jus de fruits, caf\u00e9, th\u00e9, chocolat chaud ou tisanes selon la saison\u2026\u00a0\u00bb Le jardin \u00ab\u00a0Un jardin calme avec soleil et ombre, visit\u00e9 par les oiseaux, pour [&hellip;]<\/p>\n","protected":false},"author":1,"featured_media":0,"parent":0,"menu_order":0,"comment_status":"closed","ping_status":"closed","template":"","meta":{"footnotes":""},"class_list":["post-38","page","type-page","status-publish","hentry"],"_links":{"self":[{"href":"https:\/\/www.chambresdhotes-larrayade.com\/index.php\/wp-json\/wp\/v2\/pages\/38","targetHints":{"allow":["GET"]}}],"collection":[{"href":"https:\/\/www.chambresdhotes-larrayade.com\/index.php\/wp-json\/wp\/v2\/pages"}],"about":[{"href":"https:\/\/www.chambresdhotes-larrayade.com\/index.php\/wp-json\/wp\/v2\/types\/page"}],"author":[{"embeddable":true,"href":"https:\/\/www.chambresdhotes-larrayade.com\/index.php\/wp-json\/wp\/v2\/users\/1"}],"replies":[{"embeddable":true,"href":"https:\/\/www.chambresdhotes-larrayade.com\/index.php\/wp-json\/wp\/v2\/comments?post=38"}],"version-history":[{"count":2,"href":"https:\/\/www.chambresdhotes-larrayade.com\/index.php\/wp-json\/wp\/v2\/pages\/38\/revisions"}],"predecessor-version":[{"id":80,"href":"https:\/\/www.chambresdhotes-larrayade.com\/index.php\/wp-json\/wp\/v2\/pages\/38\/revisions\/80"}],"wp:attachment":[{"href":"https:\/\/www.chambresdhotes-larrayade.com\/index.php\/wp-json\/wp\/v2\/media?parent=38"}],"curies":[{"name":"wp","href":"https:\/\/api.w.org\/{rel}","templated":true}]}}